{"id":11328,"date":"2025-03-04T08:54:37","date_gmt":"2025-03-04T06:54:37","guid":{"rendered":"https:\/\/vizibit.eu\/ueber-uns\/"},"modified":"2025-07-30T14:38:53","modified_gmt":"2025-07-30T12:38:53","slug":"ueber-uns","status":"publish","type":"page","link":"https:\/\/vizibit.ch\/de\/ueber-uns\/","title":{"rendered":"\u00dcber uns"},"content":{"rendered":"\n<div class=\"section gb-element-d438d9df\">\n<div class=\"gb-element-ae639013\">\n<div class=\"gb-element-d3198d2a\"><span><span><a href=\"http:\/\/vizibit.eu\/de\/\">Startseite<\/a><\/span><\/span>\n<\/div>\n\n\n\n<div>\n<h1 class=\"gb-text gradient-text\">\u00dcber uns<\/h1>\n<\/div>\n<\/div>\n<\/div>\n\n<div class=\"square-divider gb-element-d9d1365a\"><\/div>\n\n<div class=\"section gb-element-bfc191be\">\n<div class=\"gb-element-18e780a9\">\n<div class=\"classic-grid gb-element-7804d9b0\">\n<div>\n<span class=\"gb-shape benefits-grid__icon\"><svg xmlns=\"http:\/\/www.w3.org\/2000\/svg\" viewbox=\"0 0 24 24\" height=\"32\" width=\"32\"><path color=\"currentColor\" d=\"M21 11.183V8.28c0-1.64 0-2.46-.404-2.995s-1.318-.794-3.145-1.314a25 25 0 0 1-3.229-1.173C13.023 2.266 12.424 2 12 2s-1.023.266-2.222.798c-.88.39-1.98.818-3.229 1.173c-1.827.52-2.74.78-3.145 1.314C3 5.82 3 6.64 3 8.28v2.903c0 5.625 5.063 9 7.594 10.336c.607.32.91.481 1.406.481s.799-.16 1.406-.48C15.937 20.182 21 16.807 21 11.182\" stroke-width=\"1.5\" stroke-linejoin=\"round\" stroke-linecap=\"round\" stroke=\"currentColor\" fill=\"none\"><\/path><\/svg><\/span>\n\n\n\n<p class=\"gb-text h4\">Ihr zuverl\u00e4ssiger Partner f\u00fcr digitale Signaturen und Identifizierung.<\/p>\n\n\n\n<div class=\"signator-divider-mini gb-element-064a01a1\"><\/div>\n\n\n\n<p class=\"gb-text text-medium gb-text-7b6f1437\">Vizibit ist ein internationales Unternehmen mit \u00fcber 20 Jahren Erfahrung in der Entwicklung hochwertiger Unternehmensanwendungen. Unser Hauptsitz befindet sich in Zagreb, Kroatien. <\/p>\n<\/div>\n\n\n\n<div>\n<img loading=\"lazy\" decoding=\"async\" width=\"1200\" height=\"800\" class=\"gb-media-39a7fb16\" alt=\"\" src=\"https:\/\/vizibit.eu\/wp-content\/uploads\/2025\/06\/ViziBit-visual-1.png\" title=\"ViziBit visuell (1)\" srcset=\"https:\/\/vizibit.eu\/wp-content\/uploads\/2025\/06\/ViziBit-visual-1.png 1200w, https:\/\/vizibit.eu\/wp-content\/uploads\/2025\/06\/ViziBit-visual-1-300x200.png 300w, https:\/\/vizibit.eu\/wp-content\/uploads\/2025\/06\/ViziBit-visual-1-1024x683.png 1024w, https:\/\/vizibit.eu\/wp-content\/uploads\/2025\/06\/ViziBit-visual-1-768x512.png 768w\" sizes=\"auto, (max-width: 1200px) 100vw, 1200px\" \/>\n<\/div>\n<\/div>\n<\/div>\n<\/div>\n\n<div class=\"gb-element-f90ce570\">\n<div class=\"gb-element-ab279646\"><\/div>\n<\/div>\n\n<div class=\"section gb-element-da49a8f9\">\n<div class=\"gb-element-776933da\">\n<div class=\"classic-grid gb-element-4683a42c\">\n<div class=\"gb-element-f1f06983\">\n<img loading=\"lazy\" decoding=\"async\" width=\"1200\" height=\"800\" class=\"gb-media-61eaeda1\" alt=\"\" src=\"https:\/\/vizibit.eu\/wp-content\/uploads\/2025\/06\/About-Second-Image.png\" title=\"\u00dcber - Zweites Bild\" srcset=\"https:\/\/vizibit.eu\/wp-content\/uploads\/2025\/06\/About-Second-Image.png 1200w, https:\/\/vizibit.eu\/wp-content\/uploads\/2025\/06\/About-Second-Image-300x200.png 300w, https:\/\/vizibit.eu\/wp-content\/uploads\/2025\/06\/About-Second-Image-1024x683.png 1024w, https:\/\/vizibit.eu\/wp-content\/uploads\/2025\/06\/About-Second-Image-768x512.png 768w\" sizes=\"auto, (max-width: 1200px) 100vw, 1200px\" \/>\n<\/div>\n\n\n\n<div>\n<span class=\"gb-shape benefits-grid__icon\"><svg xmlns=\"http:\/\/www.w3.org\/2000\/svg\" viewbox=\"0 0 24 24\" height=\"32\" width=\"32\"><path color=\"currentColor\" d=\"M6.09 14.999a6.9 6.9 0 0 1-.59-2.794C5.5 8.5 8.41 5.499 12 5.499s6.5 3.002 6.5 6.706a6.9 6.9 0 0 1-.59 2.794m-5.91-13v1m10 9h-1m-18 0H2m17.07-7.071l-.707.707m-12.726.001l-.707-.707m9.587 14.377c1.01-.327 1.416-1.252 1.53-2.182c.034-.278-.195-.509-.475-.509H8.477a.483.483 0 0 0-.488.534c.112.928.394 1.606 1.464 2.156m5.064 0H9.453m5.064 0c-.121 1.945-.683 2.716-2.51 2.694c-1.954.036-2.404-.916-2.554-2.693\" stroke-width=\"1.5\" stroke-linejoin=\"round\" stroke-linecap=\"round\" stroke=\"currentColor\" fill=\"none\"><\/path><\/svg><\/span>\n\n\n\n<p class=\"gb-text h4\">Wir sind ein au\u00dfergew\u00f6hnliches, intellektuell neugieriges Team, das die Leidenschaft f\u00fcr herausragende Leistungen vereint.<\/p>\n\n\n\n<div class=\"signator-divider-mini gb-element-a7c9637c\"><\/div>\n\n\n\n<p class=\"gb-text text-medium gb-text-ae3bf277\">Unser Team ist stolz auf seine Experimentierfreude, seine Akribie und darauf, die Welt um uns herum positiv zu beeinflussen. Wir haben Spa\u00df, \u00fcberwinden alle Widrigkeiten und entwickeln Spitzentechnologien in unserem Bereich. &nbsp;<\/p>\n<\/div>\n<\/div>\n<\/div>\n<\/div>\n\n<div class=\"section-bg\">\n<div class=\"gb-element-b91e9c06\">\n<h2 class=\"gb-text mg-bot-l gb-text-81044997\"><span class=\"ez-toc-section\" id=\"Treffen_Sie_das_Team\"><\/span>Treffen Sie das Team<span class=\"ez-toc-section-end\"><\/span><\/h2>\n\n\n\n<div class=\"gb-element-c5ffc7c2\">\n<div>\n<img loading=\"lazy\" decoding=\"async\" width=\"300\" height=\"300\" class=\"gb-media-fa0d5956\" alt=\"\" src=\"https:\/\/vizibit.eu\/wp-content\/uploads\/2025\/06\/1.png\" title=\"1\" srcset=\"https:\/\/vizibit.eu\/wp-content\/uploads\/2025\/06\/1.png 300w, https:\/\/vizibit.eu\/wp-content\/uploads\/2025\/06\/1-150x150.png 150w\" sizes=\"auto, (max-width: 300px) 100vw, 300px\" \/>\n\n\n\n<p class=\"gb-text text-medium gb-text-241e1ced\">Lorem Ipsum<\/p>\n\n\n\n<p class=\"gb-text gb-text-96642ee3\">Dolor Sit<\/p>\n<\/div>\n\n\n\n<div>\n<img loading=\"lazy\" decoding=\"async\" width=\"300\" height=\"300\" class=\"gb-media-c8aba796\" alt=\"\" src=\"https:\/\/vizibit.eu\/wp-content\/uploads\/2025\/06\/2.png\" title=\"2\" srcset=\"https:\/\/vizibit.eu\/wp-content\/uploads\/2025\/06\/2.png 300w, https:\/\/vizibit.eu\/wp-content\/uploads\/2025\/06\/2-150x150.png 150w\" sizes=\"auto, (max-width: 300px) 100vw, 300px\" \/>\n\n\n\n<p class=\"gb-text text-medium gb-text-3df38d15\">Lorem Ipsum<\/p>\n\n\n\n<p class=\"gb-text gb-text-9da4ad02\">Dolor Sit<\/p>\n<\/div>\n\n\n\n<div>\n<img loading=\"lazy\" decoding=\"async\" width=\"300\" height=\"300\" class=\"gb-media-f5f10947\" alt=\"\" src=\"https:\/\/vizibit.eu\/wp-content\/uploads\/2025\/06\/3.png\" title=\"3\" srcset=\"https:\/\/vizibit.eu\/wp-content\/uploads\/2025\/06\/3.png 300w, https:\/\/vizibit.eu\/wp-content\/uploads\/2025\/06\/3-150x150.png 150w\" sizes=\"auto, (max-width: 300px) 100vw, 300px\" \/>\n\n\n\n<p class=\"gb-text text-medium gb-text-f9282d10\">Lorem Ipsum<\/p>\n\n\n\n<p class=\"gb-text gb-text-2a951e47\">Dolor Sit<\/p>\n<\/div>\n\n\n\n<div>\n<img loading=\"lazy\" decoding=\"async\" width=\"300\" height=\"300\" class=\"gb-media-682293bc\" alt=\"\" src=\"https:\/\/vizibit.eu\/wp-content\/uploads\/2025\/06\/4.png\" title=\"4\" srcset=\"https:\/\/vizibit.eu\/wp-content\/uploads\/2025\/06\/4.png 300w, https:\/\/vizibit.eu\/wp-content\/uploads\/2025\/06\/4-150x150.png 150w\" sizes=\"auto, (max-width: 300px) 100vw, 300px\" \/>\n\n\n\n<p class=\"gb-text text-medium gb-text-8ffbf666\">Lorem Ipsum<\/p>\n\n\n\n<p class=\"gb-text gb-text-031766b3\">Dolor Sit<\/p>\n<\/div>\n<\/div>\n<\/div>\n<\/div>\n\n<div class=\"section gb-element-11d38547\">\n<div class=\"gb-element-2f542a59\">\n<div class=\"big-text gb-element-046141fe\">\n<h2 class=\"gb-text big-text__headline gradient-text gb-text-e59e8581\"><span class=\"ez-toc-section\" id=\"Moechten_Sie_mehr_ueber_uns_erfahren\"><\/span>M\u00f6chten Sie mehr \u00fcber uns erfahren?<span class=\"ez-toc-section-end\"><\/span><\/h2>\n\n\n\n<div class=\"big-text__button-wrapper gb-element-efe3f2bc\">\n<a class=\"gb-text button-cyan\" href=\"https:\/\/vizibit.eu\/de\/kontakt\/\" target=\"_blank\" rel=\"noopener noreferrer nofollow\">Sprechen Sie mit unserem Team<\/a>\n<\/div>\n<\/div>\n<\/div>\n<\/div>\n\n<div class=\"square-divider gb-element-d9d1365a\"><\/div>\n","protected":false},"excerpt":{"rendered":"<p>\u00dcber uns Ihr zuverl\u00e4ssiger Partner f\u00fcr digitale Signaturen und Identifizierung. Vizibit ist ein internationales Unternehmen mit \u00fcber 20 Jahren Erfahrung in der Entwicklung hochwertiger Unternehmensanwendungen. Unser Hauptsitz befindet sich in Zagreb, Kroatien. Wir sind ein au\u00dfergew\u00f6hnliches, intellektuell neugieriges Team, das die Leidenschaft f\u00fcr herausragende Leistungen vereint. Unser Team ist stolz auf seine Experimentierfreude, seine Akribie &#8230; <a title=\"\u00dcber uns\" class=\"read-more\" href=\"https:\/\/vizibit.ch\/de\/ueber-uns\/\" aria-label=\"Mehr Informationen \u00fcber \u00dcber uns\">Weiterlesen &#8230;<\/a><\/p>\n","protected":false},"author":2,"featured_media":0,"parent":0,"menu_order":0,"comment_status":"closed","ping_status":"closed","template":"","meta":{"_acf_changed":false,"footnotes":""},"class_list":["post-11328","page","type-page","status-publish"],"acf":[],"yoast_head":"<!-- This site is optimized with the Yoast SEO plugin v27.3 - https:\/\/yoast.com\/product\/yoast-seo-wordpress\/ -->\n<title>Treffen Sie das Vizibit Team - 20+ Jahre Innovation<\/title>\n<meta name=\"description\" content=\"Mit mehr als 20 Jahren Erfahrung entwickelt Vizibit modernste Tools f\u00fcr digitale Signaturen und Identit\u00e4tsl\u00f6sungen f\u00fcr Unternehmen weltweit.\" \/>\n<meta name=\"robots\" content=\"index, follow, max-snippet:-1, max-image-preview:large, max-video-preview:-1\" \/>\n<link rel=\"canonical\" href=\"https:\/\/vizibit.ch\/de\/ueber-uns\/\" \/>\n<meta property=\"og:locale\" content=\"de_DE\" \/>\n<meta property=\"og:type\" content=\"article\" \/>\n<meta property=\"og:title\" content=\"Treffen Sie das Vizibit Team - 20+ Jahre Innovation\" \/>\n<meta property=\"og:description\" content=\"Mit mehr als 20 Jahren Erfahrung entwickelt Vizibit modernste Tools f\u00fcr digitale Signaturen und Identit\u00e4tsl\u00f6sungen f\u00fcr Unternehmen weltweit.\" \/>\n<meta property=\"og:url\" content=\"https:\/\/vizibit.ch\/de\/ueber-uns\/\" \/>\n<meta property=\"og:site_name\" content=\"Vizibit\" \/>\n<meta property=\"article:modified_time\" content=\"2025-07-30T12:38:53+00:00\" \/>\n<meta property=\"og:image\" content=\"https:\/\/vizibit.eu\/wp-content\/uploads\/2025\/06\/ViziBit-visual-1.png\" \/>\n<meta name=\"twitter:card\" content=\"summary_large_image\" \/>\n<meta name=\"twitter:label1\" content=\"Gesch\u00e4tzte Lesezeit\" \/>\n\t<meta name=\"twitter:data1\" content=\"1\u00a0Minute\" \/>\n<script type=\"application\/ld+json\" class=\"yoast-schema-graph\">{\"@context\":\"https:\\\/\\\/schema.org\",\"@graph\":[{\"@type\":\"WebPage\",\"@id\":\"https:\\\/\\\/vizibit.ch\\\/de\\\/ueber-uns\\\/\",\"url\":\"https:\\\/\\\/vizibit.ch\\\/de\\\/ueber-uns\\\/\",\"name\":\"Treffen Sie das Vizibit Team - 20+ Jahre Innovation\",\"isPartOf\":{\"@id\":\"https:\\\/\\\/vizibit.eu\\\/en\\\/#website\"},\"primaryImageOfPage\":{\"@id\":\"https:\\\/\\\/vizibit.ch\\\/de\\\/ueber-uns\\\/#primaryimage\"},\"image\":{\"@id\":\"https:\\\/\\\/vizibit.ch\\\/de\\\/ueber-uns\\\/#primaryimage\"},\"thumbnailUrl\":\"https:\\\/\\\/vizibit.eu\\\/wp-content\\\/uploads\\\/2025\\\/06\\\/ViziBit-visual-1.png\",\"datePublished\":\"2025-03-04T06:54:37+00:00\",\"dateModified\":\"2025-07-30T12:38:53+00:00\",\"description\":\"Mit mehr als 20 Jahren Erfahrung entwickelt Vizibit modernste Tools f\u00fcr digitale Signaturen und Identit\u00e4tsl\u00f6sungen f\u00fcr Unternehmen weltweit.\",\"breadcrumb\":{\"@id\":\"https:\\\/\\\/vizibit.ch\\\/de\\\/ueber-uns\\\/#breadcrumb\"},\"inLanguage\":\"de\",\"potentialAction\":[{\"@type\":\"ReadAction\",\"target\":[\"https:\\\/\\\/vizibit.ch\\\/de\\\/ueber-uns\\\/\"]}]},{\"@type\":\"ImageObject\",\"inLanguage\":\"de\",\"@id\":\"https:\\\/\\\/vizibit.ch\\\/de\\\/ueber-uns\\\/#primaryimage\",\"url\":\"https:\\\/\\\/vizibit.eu\\\/wp-content\\\/uploads\\\/2025\\\/06\\\/ViziBit-visual-1.png\",\"contentUrl\":\"https:\\\/\\\/vizibit.eu\\\/wp-content\\\/uploads\\\/2025\\\/06\\\/ViziBit-visual-1.png\"},{\"@type\":\"BreadcrumbList\",\"@id\":\"https:\\\/\\\/vizibit.ch\\\/de\\\/ueber-uns\\\/#breadcrumb\",\"itemListElement\":[{\"@type\":\"ListItem\",\"position\":1,\"name\":\"Startseite\",\"item\":\"http:\\\/\\\/vizibit.eu\\\/de\\\/\"},{\"@type\":\"ListItem\",\"position\":2,\"name\":\"\u00dcber uns\"}]},{\"@type\":\"WebSite\",\"@id\":\"https:\\\/\\\/vizibit.eu\\\/en\\\/#website\",\"url\":\"https:\\\/\\\/vizibit.eu\\\/en\\\/\",\"name\":\"Vizibit\",\"description\":\"\",\"publisher\":{\"@id\":\"https:\\\/\\\/vizibit.eu\\\/en\\\/#organization\"},\"potentialAction\":[{\"@type\":\"SearchAction\",\"target\":{\"@type\":\"EntryPoint\",\"urlTemplate\":\"https:\\\/\\\/vizibit.eu\\\/en\\\/?s={search_term_string}\"},\"query-input\":{\"@type\":\"PropertyValueSpecification\",\"valueRequired\":true,\"valueName\":\"search_term_string\"}}],\"inLanguage\":\"de\"},{\"@type\":\"Organization\",\"@id\":\"https:\\\/\\\/vizibit.eu\\\/en\\\/#organization\",\"name\":\"ViziBit\",\"alternateName\":\"ViziBit\",\"url\":\"https:\\\/\\\/vizibit.eu\\\/en\\\/\",\"logo\":{\"@type\":\"ImageObject\",\"inLanguage\":\"de\",\"@id\":\"https:\\\/\\\/vizibit.eu\\\/en\\\/#\\\/schema\\\/logo\\\/image\\\/\",\"url\":\"https:\\\/\\\/vizibit.eu\\\/wp-content\\\/uploads\\\/2025\\\/05\\\/cropped-Favicon.png\",\"contentUrl\":\"https:\\\/\\\/vizibit.eu\\\/wp-content\\\/uploads\\\/2025\\\/05\\\/cropped-Favicon.png\",\"width\":512,\"height\":512,\"caption\":\"ViziBit\"},\"image\":{\"@id\":\"https:\\\/\\\/vizibit.eu\\\/en\\\/#\\\/schema\\\/logo\\\/image\\\/\"},\"sameAs\":[\"https:\\\/\\\/hr.linkedin.com\\\/company\\\/vizibit\"]}]}<\/script>\n<!-- \/ Yoast SEO plugin. -->","yoast_head_json":{"title":"Treffen Sie das Vizibit Team - 20+ Jahre Innovation","description":"Mit mehr als 20 Jahren Erfahrung entwickelt Vizibit modernste Tools f\u00fcr digitale Signaturen und Identit\u00e4tsl\u00f6sungen f\u00fcr Unternehmen weltweit.","robots":{"index":"index","follow":"follow","max-snippet":"max-snippet:-1","max-image-preview":"max-image-preview:large","max-video-preview":"max-video-preview:-1"},"canonical":"https:\/\/vizibit.ch\/de\/ueber-uns\/","og_locale":"de_DE","og_type":"article","og_title":"Treffen Sie das Vizibit Team - 20+ Jahre Innovation","og_description":"Mit mehr als 20 Jahren Erfahrung entwickelt Vizibit modernste Tools f\u00fcr digitale Signaturen und Identit\u00e4tsl\u00f6sungen f\u00fcr Unternehmen weltweit.","og_url":"https:\/\/vizibit.ch\/de\/ueber-uns\/","og_site_name":"Vizibit","article_modified_time":"2025-07-30T12:38:53+00:00","og_image":[{"url":"https:\/\/vizibit.eu\/wp-content\/uploads\/2025\/06\/ViziBit-visual-1.png","type":"","width":"","height":""}],"twitter_card":"summary_large_image","twitter_misc":{"Gesch\u00e4tzte Lesezeit":"1\u00a0Minute"},"schema":{"@context":"https:\/\/schema.org","@graph":[{"@type":"WebPage","@id":"https:\/\/vizibit.ch\/de\/ueber-uns\/","url":"https:\/\/vizibit.ch\/de\/ueber-uns\/","name":"Treffen Sie das Vizibit Team - 20+ Jahre Innovation","isPartOf":{"@id":"https:\/\/vizibit.eu\/en\/#website"},"primaryImageOfPage":{"@id":"https:\/\/vizibit.ch\/de\/ueber-uns\/#primaryimage"},"image":{"@id":"https:\/\/vizibit.ch\/de\/ueber-uns\/#primaryimage"},"thumbnailUrl":"https:\/\/vizibit.eu\/wp-content\/uploads\/2025\/06\/ViziBit-visual-1.png","datePublished":"2025-03-04T06:54:37+00:00","dateModified":"2025-07-30T12:38:53+00:00","description":"Mit mehr als 20 Jahren Erfahrung entwickelt Vizibit modernste Tools f\u00fcr digitale Signaturen und Identit\u00e4tsl\u00f6sungen f\u00fcr Unternehmen weltweit.","breadcrumb":{"@id":"https:\/\/vizibit.ch\/de\/ueber-uns\/#breadcrumb"},"inLanguage":"de","potentialAction":[{"@type":"ReadAction","target":["https:\/\/vizibit.ch\/de\/ueber-uns\/"]}]},{"@type":"ImageObject","inLanguage":"de","@id":"https:\/\/vizibit.ch\/de\/ueber-uns\/#primaryimage","url":"https:\/\/vizibit.eu\/wp-content\/uploads\/2025\/06\/ViziBit-visual-1.png","contentUrl":"https:\/\/vizibit.eu\/wp-content\/uploads\/2025\/06\/ViziBit-visual-1.png"},{"@type":"BreadcrumbList","@id":"https:\/\/vizibit.ch\/de\/ueber-uns\/#breadcrumb","itemListElement":[{"@type":"ListItem","position":1,"name":"Startseite","item":"http:\/\/vizibit.eu\/de\/"},{"@type":"ListItem","position":2,"name":"\u00dcber uns"}]},{"@type":"WebSite","@id":"https:\/\/vizibit.eu\/en\/#website","url":"https:\/\/vizibit.eu\/en\/","name":"Vizibit","description":"","publisher":{"@id":"https:\/\/vizibit.eu\/en\/#organization"},"potentialAction":[{"@type":"SearchAction","target":{"@type":"EntryPoint","urlTemplate":"https:\/\/vizibit.eu\/en\/?s={search_term_string}"},"query-input":{"@type":"PropertyValueSpecification","valueRequired":true,"valueName":"search_term_string"}}],"inLanguage":"de"},{"@type":"Organization","@id":"https:\/\/vizibit.eu\/en\/#organization","name":"ViziBit","alternateName":"ViziBit","url":"https:\/\/vizibit.eu\/en\/","logo":{"@type":"ImageObject","inLanguage":"de","@id":"https:\/\/vizibit.eu\/en\/#\/schema\/logo\/image\/","url":"https:\/\/vizibit.eu\/wp-content\/uploads\/2025\/05\/cropped-Favicon.png","contentUrl":"https:\/\/vizibit.eu\/wp-content\/uploads\/2025\/05\/cropped-Favicon.png","width":512,"height":512,"caption":"ViziBit"},"image":{"@id":"https:\/\/vizibit.eu\/en\/#\/schema\/logo\/image\/"},"sameAs":["https:\/\/hr.linkedin.com\/company\/vizibit"]}]}},"_links":{"self":[{"href":"https:\/\/vizibit.ch\/de\/wp-json\/wp\/v2\/pages\/11328","targetHints":{"allow":["GET"]}}],"collection":[{"href":"https:\/\/vizibit.ch\/de\/wp-json\/wp\/v2\/pages"}],"about":[{"href":"https:\/\/vizibit.ch\/de\/wp-json\/wp\/v2\/types\/page"}],"author":[{"embeddable":true,"href":"https:\/\/vizibit.ch\/de\/wp-json\/wp\/v2\/users\/2"}],"replies":[{"embeddable":true,"href":"https:\/\/vizibit.ch\/de\/wp-json\/wp\/v2\/comments?post=11328"}],"version-history":[{"count":0,"href":"https:\/\/vizibit.ch\/de\/wp-json\/wp\/v2\/pages\/11328\/revisions"}],"wp:attachment":[{"href":"https:\/\/vizibit.ch\/de\/wp-json\/wp\/v2\/media?parent=11328"}],"curies":[{"name":"wp","href":"https:\/\/api.w.org\/{rel}","templated":true}]}}