{"id":11331,"date":"2025-03-19T07:40:01","date_gmt":"2025-03-19T05:40:01","guid":{"rendered":"https:\/\/vizibit.eu\/karriere\/"},"modified":"2025-10-06T11:54:41","modified_gmt":"2025-10-06T09:54:41","slug":"karriere","status":"publish","type":"page","link":"https:\/\/vizibit.ch\/de\/karriere\/","title":{"rendered":"Karriere"},"content":{"rendered":"\n<div class=\"section gb-element-d438d9df\">\n<div class=\"gb-element-ae639013\">\n<div class=\"gb-element-d3198d2a\"><span><span><a href=\"http:\/\/vizibit.eu\/de\/\">Startseite<\/a><\/span><\/span>\n<\/div>\n\n\n\n<div>\n<h1 class=\"gb-text gradient-text\">Karriere<\/h1>\n\n\n\n<p class=\"gb-text text-large\">Entdecken Sie die Denkweise hinter unserer Arbeit.<br><a href=\"https:\/\/vizibit.eu\/de\/fallstudie\/wie-carnet-die-signator-plattform-nutzte-um-waehrend-der-pandemie-ein-172-millionen-euro-teures-e-schools-programm-durchzufuehren\/\" target=\"_blank\" rel=\"noopener noreferrer nofollow\"><\/a><\/p>\n<\/div>\n<\/div>\n<\/div>\n\n<div class=\"square-divider gb-element-d9d1365a\"><\/div>\n\n<div class=\"section gb-element-bfc191be\">\n<div class=\"gb-element-18e780a9\">\n<div class=\"classic-grid gb-element-7804d9b0\">\n<div>\n<span class=\"gb-shape benefits-grid__icon\"><svg xmlns=\"http:\/\/www.w3.org\/2000\/svg\" viewbox=\"0 0 24 24\" height=\"32\" width=\"32\"><path color=\"currentColor\" d=\"M6.09 14.999a6.9 6.9 0 0 1-.59-2.794C5.5 8.5 8.41 5.499 12 5.499s6.5 3.002 6.5 6.706a6.9 6.9 0 0 1-.59 2.794m-5.91-13v1m10 9h-1m-18 0H2m17.07-7.071l-.707.707m-12.726.001l-.707-.707m9.587 14.377c1.01-.327 1.416-1.252 1.53-2.182c.034-.278-.195-.509-.475-.509H8.477a.483.483 0 0 0-.488.534c.112.928.394 1.606 1.464 2.156m5.064 0H9.453m5.064 0c-.121 1.945-.683 2.716-2.51 2.694c-1.954.036-2.404-.916-2.554-2.693\" stroke-width=\"1.5\" stroke-linejoin=\"round\" stroke-linecap=\"round\" stroke=\"currentColor\" fill=\"none\"><\/path><\/svg><\/span>\n\n\n\n<p class=\"gb-text h4\">Werden Sie Teil unseres Teams, das t\u00e4glich mit Freude gro\u00dfartige Ideen umsetzt.<\/p>\n\n\n\n<div class=\"signator-divider-mini gb-element-064a01a1\"><\/div>\n\n\n\n<p class=\"gb-text text-medium gb-text-7b6f1437\">Kommen Sie und entdecken Sie Ihre eigene Leidenschaft und Ihre Talente in einem Team aus gro\u00dfartigen Menschen, Mentoren und Experten.<\/p>\n\n\n\n<p class=\"gb-text text-medium\">Wenn Sie gerade eine neue Karriere beginnen, werden Sie betreut, und wenn Sie ein erfahrener Entwickler sind, steht Ihnen ein Spielplatz zur Verf\u00fcgung, auf dem Sie Ihr Potenzial aussch\u00f6pfen k\u00f6nnen.<\/p>\n<\/div>\n\n\n\n<div>\n<img loading=\"lazy\" decoding=\"async\" width=\"1200\" height=\"800\" class=\"gb-media-a986bb2b\" alt=\"Team working on a project\" src=\"https:\/\/vizibit.eu\/wp-content\/uploads\/2025\/06\/Team-working-on-a-project.jpg\" title=\"Team working on a project\" srcset=\"https:\/\/vizibit.eu\/wp-content\/uploads\/2025\/06\/Team-working-on-a-project.jpg 1200w, https:\/\/vizibit.eu\/wp-content\/uploads\/2025\/06\/Team-working-on-a-project-300x200.jpg 300w, https:\/\/vizibit.eu\/wp-content\/uploads\/2025\/06\/Team-working-on-a-project-1024x683.jpg 1024w, https:\/\/vizibit.eu\/wp-content\/uploads\/2025\/06\/Team-working-on-a-project-768x512.jpg 768w\" sizes=\"auto, (max-width: 1200px) 100vw, 1200px\" \/>\n<\/div>\n<\/div>\n<\/div>\n<\/div>\n\n<div class=\"gb-element-f90ce570\">\n<div class=\"gb-element-ab279646\"><\/div>\n<\/div>\n\n<div class=\"section gb-element-b3fbf834\">\n<div class=\"gb-element-3afae1d0\">\n<div class=\"classic-grid gb-element-66d1d9ad\">\n<div class=\"gb-element-e50f60ff\">\n<img loading=\"lazy\" decoding=\"async\" width=\"800\" height=\"800\" class=\"gb-media-4570640e\" alt=\"Successful onboarding of a new team member\" src=\"https:\/\/vizibit.eu\/wp-content\/uploads\/2025\/06\/Successful-onboarding-of-a-new-team-member.png\" title=\"Successful onboarding of a new team member\" srcset=\"https:\/\/vizibit.eu\/wp-content\/uploads\/2025\/06\/Successful-onboarding-of-a-new-team-member.png 800w, https:\/\/vizibit.eu\/wp-content\/uploads\/2025\/06\/Successful-onboarding-of-a-new-team-member-300x300.png 300w, https:\/\/vizibit.eu\/wp-content\/uploads\/2025\/06\/Successful-onboarding-of-a-new-team-member-150x150.png 150w, https:\/\/vizibit.eu\/wp-content\/uploads\/2025\/06\/Successful-onboarding-of-a-new-team-member-768x768.png 768w\" sizes=\"auto, (max-width: 800px) 100vw, 800px\" \/>\n<\/div>\n\n\n\n<div class=\"gb-element-7c72caac\">\n<h3 class=\"gb-text h4\">Was erwartet Sie?<\/h3>\n\n\n\n<div class=\"signator-divider-mini gb-element-f54b4df5\"><\/div>\n\n\n\n<div class=\"gb-accordion faq-accordion\" data-transition=\"slide\">\n<div class=\"gb-accordion__item faq-accordion__item gb-accordion__item-e46d0972 gb-accordion__item-open\">\n<div role=\"button\" tabindex=\"0\" class=\"gb-accordion__toggle faq-accordion__toggle gb-block-is-current\" id=\"gb-accordion-toggle-84197c04\">\n<span class=\"gb-text-dedfa3ec\"><span class=\"gb-shape\"><svg xmlns=\"http:\/\/www.w3.org\/2000\/svg\" width=\"32\" height=\"32\" viewbox=\"0 0 24 24\"><g fill=\"none\" stroke=\"currentColor\" stroke-linecap=\"round\" stroke-linejoin=\"round\" stroke-width=\"1.5\" color=\"currentColor\"><path d=\"M17 3.338A9.95 9.95 0 0 0 12 2C6.477 2 2 6.477 2 12s4.477 10 10 10s10-4.477 10-10q-.002-1.03-.2-2\"><\/path><path d=\"M8 12.5s1.5 0 3.5 3.5c0 0 5.559-9.167 10.5-11\"><\/path><\/g><\/svg><\/span><span class=\"gb-text\">Tolles Arbeitsumfeld<\/span><\/span>\n\n\n\n<span class=\"gb-accordion__toggle-icon gb-accordion__toggle-icon-6fae0b00\"><span class=\"gb-accordion__toggle-icon-open\"><svg aria-hidden=\"true\" viewbox=\"0 0 256 256\"><rect width=\"256\" height=\"256\" fill=\"none\"\/><polyline points=\"208 96 128 176 48 96\" fill=\"none\" stroke=\"currentColor\" stroke-linecap=\"round\" stroke-linejoin=\"round\" stroke-width=\"16\"><\/polyline><\/svg><\/span><span class=\"gb-accordion__toggle-icon-close\"><svg aria-hidden=\"true\" viewbox=\"0 0 256 256\"><rect width=\"256\" height=\"256\" fill=\"none\"\/><polyline points=\"48 160 128 80 208 160\" fill=\"none\" stroke=\"currentColor\" stroke-linecap=\"round\" stroke-linejoin=\"round\" stroke-width=\"16\"><\/polyline><\/svg><\/span><\/span>\n<\/div>\n\n\n\n<div class=\"gb-accordion__content faq-accordion__content\" id=\"gb-accordion-content-cb570d3b\">\n<div class=\"faq-accordion__content-container\">\n<p>Es klingt vielleicht ein Klischee, aber wir bieten wirklich ein motivierendes und angenehmes Arbeitsumfeld. Wenn du Ideen hast, die du gerne einbringen m\u00f6chtest, ist das ein Pluspunkt. Flexible Arbeitszeiten und ein generell freundlicher Umgang ohne unn\u00f6tige Formalit\u00e4ten geh\u00f6ren bei uns zum Alltag. Wenn du von zu Hause aus arbeiten m\u00f6chtest, ist das auch kein Problem!   <\/p>\n<\/div>\n<\/div>\n<\/div>\n\n\n\n<div class=\"gb-accordion__item faq-accordion__item gb-accordion__item-9366d69f\">\n<div role=\"button\" tabindex=\"0\" class=\"gb-accordion__toggle faq-accordion__toggle\" id=\"gb-accordion-toggle-2c5cd485\">\n<span class=\"gb-text-167f2ae3\"><span class=\"gb-shape\"><svg xmlns=\"http:\/\/www.w3.org\/2000\/svg\" width=\"32\" height=\"32\" viewbox=\"0 0 24 24\"><g fill=\"none\" stroke=\"currentColor\" stroke-linecap=\"round\" stroke-linejoin=\"round\" stroke-width=\"1.5\" color=\"currentColor\"><path d=\"M17 3.338A9.95 9.95 0 0 0 12 2C6.477 2 2 6.477 2 12s4.477 10 10 10s10-4.477 10-10q-.002-1.03-.2-2\"><\/path><path d=\"M8 12.5s1.5 0 3.5 3.5c0 0 5.559-9.167 10.5-11\"><\/path><\/g><\/svg><\/span><span class=\"gb-text\">Investitionen in Bildung<\/span><\/span>\n\n\n\n<span class=\"gb-accordion__toggle-icon gb-accordion__toggle-icon-3077e64f\"><span class=\"gb-accordion__toggle-icon-open\"><svg aria-hidden=\"true\" viewbox=\"0 0 256 256\"><rect width=\"256\" height=\"256\" fill=\"none\"\/><polyline points=\"208 96 128 176 48 96\" fill=\"none\" stroke=\"currentColor\" stroke-linecap=\"round\" stroke-linejoin=\"round\" stroke-width=\"16\"><\/polyline><\/svg><\/span><span class=\"gb-accordion__toggle-icon-close\"><svg aria-hidden=\"true\" viewbox=\"0 0 256 256\"><rect width=\"256\" height=\"256\" fill=\"none\"\/><polyline points=\"48 160 128 80 208 160\" fill=\"none\" stroke=\"currentColor\" stroke-linecap=\"round\" stroke-linejoin=\"round\" stroke-width=\"16\"><\/polyline><\/svg><\/span><\/span>\n<\/div>\n\n\n\n<div class=\"gb-accordion__content faq-accordion__content\" id=\"gb-accordion-content-abaabdf1\">\n<div class=\"faq-accordion__content-container\">\n<p>Wir glauben an lebenslanges Lernen. Deshalb investieren wir kontinuierlich in die Weiterbildung unserer Teams. Wir legen Wert auf ein intellektuell anregendes Umfeld. Erfahrung ist willkommen, aber auch Berufseinsteiger sind willkommen. Keine Sorge, Ihnen steht ein engagierter Mentor mit langj\u00e4hriger Erfahrung zur Seite, der Sie ermutigt, Ihr Bestes zu geben.    <\/p>\n<\/div>\n<\/div>\n<\/div>\n\n\n\n<div class=\"gb-accordion__item faq-accordion__item gb-accordion__item-3318ec68\">\n<div role=\"button\" tabindex=\"0\" class=\"gb-accordion__toggle faq-accordion__toggle\" id=\"gb-accordion-toggle-2362d30c\">\n<span class=\"gb-text-5952d32e\"><span class=\"gb-shape\"><svg xmlns=\"http:\/\/www.w3.org\/2000\/svg\" width=\"32\" height=\"32\" viewbox=\"0 0 24 24\"><g fill=\"none\" stroke=\"currentColor\" stroke-linecap=\"round\" stroke-linejoin=\"round\" stroke-width=\"1.5\" color=\"currentColor\"><path d=\"M17 3.338A9.95 9.95 0 0 0 12 2C6.477 2 2 6.477 2 12s4.477 10 10 10s10-4.477 10-10q-.002-1.03-.2-2\"><\/path><path d=\"M8 12.5s1.5 0 3.5 3.5c0 0 5.559-9.167 10.5-11\"><\/path><\/g><\/svg><\/span><span class=\"gb-text\">Weitere coole Vorteile<\/span><\/span>\n\n\n\n<span class=\"gb-accordion__toggle-icon gb-accordion__toggle-icon-6a40bd11\"><span class=\"gb-accordion__toggle-icon-open\"><svg aria-hidden=\"true\" viewbox=\"0 0 256 256\"><rect width=\"256\" height=\"256\" fill=\"none\"\/><polyline points=\"208 96 128 176 48 96\" fill=\"none\" stroke=\"currentColor\" stroke-linecap=\"round\" stroke-linejoin=\"round\" stroke-width=\"16\"><\/polyline><\/svg><\/span><span class=\"gb-accordion__toggle-icon-close\"><svg aria-hidden=\"true\" viewbox=\"0 0 256 256\"><rect width=\"256\" height=\"256\" fill=\"none\"\/><polyline points=\"48 160 128 80 208 160\" fill=\"none\" stroke=\"currentColor\" stroke-linecap=\"round\" stroke-linejoin=\"round\" stroke-width=\"16\"><\/polyline><\/svg><\/span><\/span>\n<\/div>\n\n\n\n<div class=\"gb-accordion__content faq-accordion__content\" id=\"gb-accordion-content-d9933849\">\n<div class=\"faq-accordion__content-container\">\n<p>Hast du schon mal geh\u00f6rt, dass IT-Leute unsozial sind? Wir sind uns ziemlich sicher, dass wir diesen Mythos zerstreuen k\u00f6nnen, wenn du an unserem Teambuilding teilnimmst. Wir k\u00fcmmern uns auch um deine Gesundheit und organisieren j\u00e4hrliche Gesundheitsuntersuchungen. Au\u00dferdem gibt es Pr\u00e4mien f\u00fcr deine harte Arbeit und vieles mehr! Es w\u00e4re nicht lustig, wenn du alles auf einmal herausfindest, also \u2026 schick uns deinen Lebenslauf und wir sehen, ob wir zusammenpassen!    <\/p>\n<\/div>\n<\/div>\n<\/div>\n<\/div>\n<\/div>\n<\/div>\n<\/div>\n<\/div>\n\n<div class=\"section-bg gb-element-f06d6a96\">\n<div class=\"gb-element-eafbda6d\">\n<p class=\"gb-text h4 gb-text-d5399614\">Wollten Sie schon immer mit Ihrer Arbeit direkt an der Produktentwicklung mitwirken? Freuen Sie sich auf interessante und herausfordernde Aufgaben? Dann sind Sie bei uns genau richtig!  <\/p>\n<\/div>\n<\/div>\n\n<div class=\"section gb-element-11d38547\">\n<div class=\"gb-element-2f542a59\">\n<div class=\"big-text gb-element-046141fe\">\n<h2 class=\"gb-text big-text__headline gradient-text gb-text-e59e8581\"><span class=\"ez-toc-section\" id=\"Werden_Sie_Teil_unseres_Teams\"><\/span>Werden Sie Teil unseres Teams<span class=\"ez-toc-section-end\"><\/span><\/h2>\n\n\n\n<div class=\"gb-element-1e6e1611\">\n<a class=\"gb-text button-cyan gb-text-78035b2a\" href=\"https:\/\/vizibit.eu\/de\/bewerben-sie-sich-auf-eine-stelle\/\" target=\"_blank\" rel=\"noopener noreferrer nofollow\">Senden Sie Ihren Lebenslauf<\/a>\n<\/div>\n<\/div>\n<\/div>\n<\/div>\n\n<div class=\"square-divider gb-element-d9d1365a\"><\/div>\n","protected":false},"excerpt":{"rendered":"<p>Karriere Entdecken Sie die Denkweise hinter unserer Arbeit. Werden Sie Teil unseres Teams, das t\u00e4glich mit Freude gro\u00dfartige Ideen umsetzt. Kommen Sie und entdecken Sie Ihre eigene Leidenschaft und Ihre Talente in einem Team aus gro\u00dfartigen Menschen, Mentoren und Experten. Wenn Sie gerade eine neue Karriere beginnen, werden Sie betreut, und wenn Sie ein erfahrener &#8230; <a title=\"Karriere\" class=\"read-more\" href=\"https:\/\/vizibit.ch\/de\/karriere\/\" aria-label=\"Mehr Informationen \u00fcber Karriere\">Weiterlesen &#8230;<\/a><\/p>\n","protected":false},"author":2,"featured_media":0,"parent":0,"menu_order":0,"comment_status":"closed","ping_status":"closed","template":"","meta":{"_acf_changed":false,"footnotes":""},"class_list":["post-11331","page","type-page","status-publish"],"acf":[],"yoast_head":"<!-- This site is optimized with the Yoast SEO plugin v27.3 - https:\/\/yoast.com\/product\/yoast-seo-wordpress\/ -->\n<title>Careers at Vizibit - Join Our Innovative Team<\/title>\n<meta name=\"description\" content=\"Become a part of our passionate team creating secure, paperless solutions for businesses worldwide. Check out our open roles and apply today.\" \/>\n<meta name=\"robots\" content=\"index, follow, max-snippet:-1, max-image-preview:large, max-video-preview:-1\" \/>\n<link rel=\"canonical\" href=\"https:\/\/vizibit.ch\/de\/karriere\/\" \/>\n<meta property=\"og:locale\" content=\"de_DE\" \/>\n<meta property=\"og:type\" content=\"article\" \/>\n<meta property=\"og:title\" content=\"Careers at Vizibit - Join Our Innovative Team\" \/>\n<meta property=\"og:description\" content=\"Become a part of our passionate team creating secure, paperless solutions for businesses worldwide. Check out our open roles and apply today.\" \/>\n<meta property=\"og:url\" content=\"https:\/\/vizibit.ch\/de\/karriere\/\" \/>\n<meta property=\"og:site_name\" content=\"Vizibit\" \/>\n<meta property=\"article:modified_time\" content=\"2025-10-06T09:54:41+00:00\" \/>\n<meta property=\"og:image\" content=\"https:\/\/vizibit.eu\/wp-content\/uploads\/2025\/06\/Team-working-on-a-project.jpg\" \/>\n<meta name=\"twitter:card\" content=\"summary_large_image\" \/>\n<meta name=\"twitter:label1\" content=\"Gesch\u00e4tzte Lesezeit\" \/>\n\t<meta name=\"twitter:data1\" content=\"2\u00a0Minuten\" \/>\n<script type=\"application\/ld+json\" class=\"yoast-schema-graph\">{\"@context\":\"https:\\\/\\\/schema.org\",\"@graph\":[{\"@type\":\"WebPage\",\"@id\":\"https:\\\/\\\/vizibit.ch\\\/de\\\/karriere\\\/\",\"url\":\"https:\\\/\\\/vizibit.ch\\\/de\\\/karriere\\\/\",\"name\":\"Careers at Vizibit - Join Our Innovative Team\",\"isPartOf\":{\"@id\":\"https:\\\/\\\/vizibit.eu\\\/en\\\/#website\"},\"primaryImageOfPage\":{\"@id\":\"https:\\\/\\\/vizibit.ch\\\/de\\\/karriere\\\/#primaryimage\"},\"image\":{\"@id\":\"https:\\\/\\\/vizibit.ch\\\/de\\\/karriere\\\/#primaryimage\"},\"thumbnailUrl\":\"https:\\\/\\\/vizibit.eu\\\/wp-content\\\/uploads\\\/2025\\\/06\\\/Team-working-on-a-project.jpg\",\"datePublished\":\"2025-03-19T05:40:01+00:00\",\"dateModified\":\"2025-10-06T09:54:41+00:00\",\"description\":\"Become a part of our passionate team creating secure, paperless solutions for businesses worldwide. Check out our open roles and apply today.\",\"breadcrumb\":{\"@id\":\"https:\\\/\\\/vizibit.ch\\\/de\\\/karriere\\\/#breadcrumb\"},\"inLanguage\":\"de\",\"potentialAction\":[{\"@type\":\"ReadAction\",\"target\":[\"https:\\\/\\\/vizibit.ch\\\/de\\\/karriere\\\/\"]}]},{\"@type\":\"ImageObject\",\"inLanguage\":\"de\",\"@id\":\"https:\\\/\\\/vizibit.ch\\\/de\\\/karriere\\\/#primaryimage\",\"url\":\"https:\\\/\\\/vizibit.eu\\\/wp-content\\\/uploads\\\/2025\\\/06\\\/Team-working-on-a-project.jpg\",\"contentUrl\":\"https:\\\/\\\/vizibit.eu\\\/wp-content\\\/uploads\\\/2025\\\/06\\\/Team-working-on-a-project.jpg\"},{\"@type\":\"BreadcrumbList\",\"@id\":\"https:\\\/\\\/vizibit.ch\\\/de\\\/karriere\\\/#breadcrumb\",\"itemListElement\":[{\"@type\":\"ListItem\",\"position\":1,\"name\":\"Startseite\",\"item\":\"http:\\\/\\\/vizibit.eu\\\/de\\\/\"},{\"@type\":\"ListItem\",\"position\":2,\"name\":\"Karriere\"}]},{\"@type\":\"WebSite\",\"@id\":\"https:\\\/\\\/vizibit.eu\\\/en\\\/#website\",\"url\":\"https:\\\/\\\/vizibit.eu\\\/en\\\/\",\"name\":\"Vizibit\",\"description\":\"\",\"publisher\":{\"@id\":\"https:\\\/\\\/vizibit.eu\\\/en\\\/#organization\"},\"potentialAction\":[{\"@type\":\"SearchAction\",\"target\":{\"@type\":\"EntryPoint\",\"urlTemplate\":\"https:\\\/\\\/vizibit.eu\\\/en\\\/?s={search_term_string}\"},\"query-input\":{\"@type\":\"PropertyValueSpecification\",\"valueRequired\":true,\"valueName\":\"search_term_string\"}}],\"inLanguage\":\"de\"},{\"@type\":\"Organization\",\"@id\":\"https:\\\/\\\/vizibit.eu\\\/en\\\/#organization\",\"name\":\"ViziBit\",\"alternateName\":\"ViziBit\",\"url\":\"https:\\\/\\\/vizibit.eu\\\/en\\\/\",\"logo\":{\"@type\":\"ImageObject\",\"inLanguage\":\"de\",\"@id\":\"https:\\\/\\\/vizibit.eu\\\/en\\\/#\\\/schema\\\/logo\\\/image\\\/\",\"url\":\"https:\\\/\\\/vizibit.eu\\\/wp-content\\\/uploads\\\/2025\\\/05\\\/cropped-Favicon.png\",\"contentUrl\":\"https:\\\/\\\/vizibit.eu\\\/wp-content\\\/uploads\\\/2025\\\/05\\\/cropped-Favicon.png\",\"width\":512,\"height\":512,\"caption\":\"ViziBit\"},\"image\":{\"@id\":\"https:\\\/\\\/vizibit.eu\\\/en\\\/#\\\/schema\\\/logo\\\/image\\\/\"},\"sameAs\":[\"https:\\\/\\\/hr.linkedin.com\\\/company\\\/vizibit\"]}]}<\/script>\n<!-- \/ Yoast SEO plugin. -->","yoast_head_json":{"title":"Careers at Vizibit - Join Our Innovative Team","description":"Become a part of our passionate team creating secure, paperless solutions for businesses worldwide. Check out our open roles and apply today.","robots":{"index":"index","follow":"follow","max-snippet":"max-snippet:-1","max-image-preview":"max-image-preview:large","max-video-preview":"max-video-preview:-1"},"canonical":"https:\/\/vizibit.ch\/de\/karriere\/","og_locale":"de_DE","og_type":"article","og_title":"Careers at Vizibit - Join Our Innovative Team","og_description":"Become a part of our passionate team creating secure, paperless solutions for businesses worldwide. Check out our open roles and apply today.","og_url":"https:\/\/vizibit.ch\/de\/karriere\/","og_site_name":"Vizibit","article_modified_time":"2025-10-06T09:54:41+00:00","og_image":[{"url":"https:\/\/vizibit.eu\/wp-content\/uploads\/2025\/06\/Team-working-on-a-project.jpg","type":"","width":"","height":""}],"twitter_card":"summary_large_image","twitter_misc":{"Gesch\u00e4tzte Lesezeit":"2\u00a0Minuten"},"schema":{"@context":"https:\/\/schema.org","@graph":[{"@type":"WebPage","@id":"https:\/\/vizibit.ch\/de\/karriere\/","url":"https:\/\/vizibit.ch\/de\/karriere\/","name":"Careers at Vizibit - Join Our Innovative Team","isPartOf":{"@id":"https:\/\/vizibit.eu\/en\/#website"},"primaryImageOfPage":{"@id":"https:\/\/vizibit.ch\/de\/karriere\/#primaryimage"},"image":{"@id":"https:\/\/vizibit.ch\/de\/karriere\/#primaryimage"},"thumbnailUrl":"https:\/\/vizibit.eu\/wp-content\/uploads\/2025\/06\/Team-working-on-a-project.jpg","datePublished":"2025-03-19T05:40:01+00:00","dateModified":"2025-10-06T09:54:41+00:00","description":"Become a part of our passionate team creating secure, paperless solutions for businesses worldwide. Check out our open roles and apply today.","breadcrumb":{"@id":"https:\/\/vizibit.ch\/de\/karriere\/#breadcrumb"},"inLanguage":"de","potentialAction":[{"@type":"ReadAction","target":["https:\/\/vizibit.ch\/de\/karriere\/"]}]},{"@type":"ImageObject","inLanguage":"de","@id":"https:\/\/vizibit.ch\/de\/karriere\/#primaryimage","url":"https:\/\/vizibit.eu\/wp-content\/uploads\/2025\/06\/Team-working-on-a-project.jpg","contentUrl":"https:\/\/vizibit.eu\/wp-content\/uploads\/2025\/06\/Team-working-on-a-project.jpg"},{"@type":"BreadcrumbList","@id":"https:\/\/vizibit.ch\/de\/karriere\/#breadcrumb","itemListElement":[{"@type":"ListItem","position":1,"name":"Startseite","item":"http:\/\/vizibit.eu\/de\/"},{"@type":"ListItem","position":2,"name":"Karriere"}]},{"@type":"WebSite","@id":"https:\/\/vizibit.eu\/en\/#website","url":"https:\/\/vizibit.eu\/en\/","name":"Vizibit","description":"","publisher":{"@id":"https:\/\/vizibit.eu\/en\/#organization"},"potentialAction":[{"@type":"SearchAction","target":{"@type":"EntryPoint","urlTemplate":"https:\/\/vizibit.eu\/en\/?s={search_term_string}"},"query-input":{"@type":"PropertyValueSpecification","valueRequired":true,"valueName":"search_term_string"}}],"inLanguage":"de"},{"@type":"Organization","@id":"https:\/\/vizibit.eu\/en\/#organization","name":"ViziBit","alternateName":"ViziBit","url":"https:\/\/vizibit.eu\/en\/","logo":{"@type":"ImageObject","inLanguage":"de","@id":"https:\/\/vizibit.eu\/en\/#\/schema\/logo\/image\/","url":"https:\/\/vizibit.eu\/wp-content\/uploads\/2025\/05\/cropped-Favicon.png","contentUrl":"https:\/\/vizibit.eu\/wp-content\/uploads\/2025\/05\/cropped-Favicon.png","width":512,"height":512,"caption":"ViziBit"},"image":{"@id":"https:\/\/vizibit.eu\/en\/#\/schema\/logo\/image\/"},"sameAs":["https:\/\/hr.linkedin.com\/company\/vizibit"]}]}},"_links":{"self":[{"href":"https:\/\/vizibit.ch\/de\/wp-json\/wp\/v2\/pages\/11331","targetHints":{"allow":["GET"]}}],"collection":[{"href":"https:\/\/vizibit.ch\/de\/wp-json\/wp\/v2\/pages"}],"about":[{"href":"https:\/\/vizibit.ch\/de\/wp-json\/wp\/v2\/types\/page"}],"author":[{"embeddable":true,"href":"https:\/\/vizibit.ch\/de\/wp-json\/wp\/v2\/users\/2"}],"replies":[{"embeddable":true,"href":"https:\/\/vizibit.ch\/de\/wp-json\/wp\/v2\/comments?post=11331"}],"version-history":[{"count":0,"href":"https:\/\/vizibit.ch\/de\/wp-json\/wp\/v2\/pages\/11331\/revisions"}],"wp:attachment":[{"href":"https:\/\/vizibit.ch\/de\/wp-json\/wp\/v2\/media?parent=11331"}],"curies":[{"name":"wp","href":"https:\/\/api.w.org\/{rel}","templated":true}]}}