{"id":11342,"date":"2025-03-19T07:40:34","date_gmt":"2025-03-19T05:40:34","guid":{"rendered":"https:\/\/vizibit.eu\/partner-werden\/"},"modified":"2025-07-31T11:25:32","modified_gmt":"2025-07-31T09:25:32","slug":"partner-werden","status":"publish","type":"page","link":"https:\/\/vizibit.ch\/de\/partner-werden\/","title":{"rendered":"Partner werden"},"content":{"rendered":"\n<div class=\"section gb-element-d438d9df\">\n<div class=\"gb-element-ae639013\">\n<div class=\"gb-element-d3198d2a\"><span><span><a href=\"http:\/\/vizibit.eu\/de\/\">Startseite<\/a><\/span><\/span>\n<\/div>\n\n\n\n<h1 class=\"gb-text gradient-text\">Partner werden<\/h1>\n\n\n\n<p class=\"gb-text text-large\">Arbeiten Sie mit Vizibit zusammen, um erfolgreich digitale Signaturen zu erstellen.<\/p>\n<\/div>\n<\/div>\n\n<div class=\"square-divider gb-element-d9d1365a\"><\/div>\n\n<div class=\"section gb-element-bfc191be\">\n<div class=\"gb-element-18e780a9\">\n<div class=\"classic-grid gb-element-7804d9b0\">\n<div>\n<span class=\"gb-shape benefits-grid__icon\"><svg xmlns=\"http:\/\/www.w3.org\/2000\/svg\" width=\"32\" height=\"32\" viewbox=\"0 0 24 24\"><path fill=\"none\" stroke=\"currentColor\" stroke-linecap=\"round\" stroke-linejoin=\"round\" stroke-width=\"1.5\" d=\"M21 11.183V8.28c0-1.64 0-2.46-.404-2.995s-1.318-.794-3.145-1.314a25 25 0 0 1-3.229-1.173C13.023 2.266 12.424 2 12 2s-1.023.266-2.222.798c-.88.39-1.98.818-3.229 1.173c-1.827.52-2.74.78-3.145 1.314C3 5.82 3 6.64 3 8.28v2.903c0 5.625 5.063 9 7.594 10.336c.607.32.91.481 1.406.481s.799-.16 1.406-.48C15.937 20.182 21 16.807 21 11.182\" color=\"currentColor\"><\/path><\/svg><\/span>\n\n\n\n<p class=\"gb-text h5 gb-text-9f632ea9\">Erschlie\u00dfen Sie neue Einnahmequellen und erweitern Sie Ihren Markt, indem Sie unsere nahtlosen und sicheren L\u00f6sungen f\u00fcr digitale Signaturen anbieten.<\/p>\n\n\n\n<div class=\"signator-divider-mini gb-element-064a01a1\"><\/div>\n\n\n\n<p class=\"gb-text text-medium gb-text-7b6f1437\"> Wir suchen motivierte Wiederverk\u00e4ufer, L\u00f6sungsanbieter, Technologie- und strategische Partner sowie verbundene Unternehmen, die sich unserem wachsenden Netzwerk anschlie\u00dfen m\u00f6chten.<\/p>\n<\/div>\n\n\n\n<div>\n<img loading=\"lazy\" decoding=\"async\" width=\"1920\" height=\"1080\" class=\"gb-media-39a7fb16\" alt=\"\" src=\"https:\/\/vizibit.eu\/wp-content\/uploads\/2025\/06\/Business-handshake.jpg\" title=\"Business handshake\" srcset=\"https:\/\/vizibit.eu\/wp-content\/uploads\/2025\/06\/Business-handshake.jpg 1920w, https:\/\/vizibit.eu\/wp-content\/uploads\/2025\/06\/Business-handshake-300x169.jpg 300w, https:\/\/vizibit.eu\/wp-content\/uploads\/2025\/06\/Business-handshake-1024x576.jpg 1024w, https:\/\/vizibit.eu\/wp-content\/uploads\/2025\/06\/Business-handshake-768x432.jpg 768w, https:\/\/vizibit.eu\/wp-content\/uploads\/2025\/06\/Business-handshake-1536x864.jpg 1536w\" sizes=\"auto, (max-width: 1920px) 100vw, 1920px\" \/>\n<\/div>\n<\/div>\n<\/div>\n<\/div>\n\n<div class=\"section section-bg gb-element-7c211f58\">\n<div class=\"gb-element-9cf558ff\">\n<h2 class=\"gb-text mg-bot-l gb-text-1ea843b4\"><span class=\"ez-toc-section\" id=\"Schneller_wachsen_Mehr_bieten_Mehr_verdienen\"><\/span>Schneller wachsen. Mehr bieten. Mehr verdienen.  <span class=\"ez-toc-section-end\"><\/span><\/h2>\n\n\n\n<img loading=\"lazy\" decoding=\"async\" width=\"1000\" height=\"613\" class=\"gb-media-fb1621ae\" alt=\"Partnership\" src=\"https:\/\/vizibit.eu\/wp-content\/uploads\/2025\/06\/Partnership-new.png\" title=\"Partnership\" srcset=\"https:\/\/vizibit.eu\/wp-content\/uploads\/2025\/06\/Partnership-new.png 1000w, https:\/\/vizibit.eu\/wp-content\/uploads\/2025\/06\/Partnership-new-300x184.png 300w, https:\/\/vizibit.eu\/wp-content\/uploads\/2025\/06\/Partnership-new-768x471.png 768w\" sizes=\"auto, (max-width: 1000px) 100vw, 1000px\" \/>\n<\/div>\n<\/div>\n\n<div class=\"section gb-element-11c8b1a0\">\n<div class=\"gb-element-abad1c1a\">\n<div class=\"gb-element-1f458729\">\n<div class=\"gb-element-d02fbc58\">\n<h2 class=\"gb-text mg-bot-l gradient-text\"><span class=\"ez-toc-section\" id=\"Als_Partner_koennen_Sie_%E2%80%93\"><\/span>Als Partner k\u00f6nnen Sie \u2013 <span class=\"ez-toc-section-end\"><\/span><\/h2>\n\n\n\n<div class=\"benefits-grid gb-element-04c44d9c\">\n<div class=\"benefits-grid__blurb gb-element-ef1d21c2\">\n<p class=\"gb-text text-medium gb-text-49c2a0d5\"><strong>Erweitern Sie Ihr Portfolio<\/strong> mit einer f\u00fchrenden L\u00f6sung f\u00fcr digitale Signaturen.<\/p>\n\n\n\n<span class=\"gb-shape pros-grid__blurb-checkmark\"><svg xmlns=\"http:\/\/www.w3.org\/2000\/svg\" width=\"32\" height=\"32\" viewbox=\"0 0 24 24\"><g fill=\"none\" stroke=\"currentColor\" stroke-linecap=\"round\" stroke-linejoin=\"round\" stroke-width=\"1.5\" color=\"currentColor\"><path d=\"M17 3.338A9.95 9.95 0 0 0 12 2C6.477 2 2 6.477 2 12s4.477 10 10 10s10-4.477 10-10q-.002-1.03-.2-2\"><\/path><path d=\"M8 12.5s1.5 0 3.5 3.5c0 0 5.559-9.167 10.5-11\"><\/path><\/g><\/svg><\/span>\n<\/div>\n\n\n\n<div class=\"benefits-grid__blurb gb-element-cfeb09de\">\n<p class=\"gb-text text-medium gb-text-ba19da88\"><strong>Integrieren Sie digitale Signaturen<\/strong> in Ihre L\u00f6sungen.<\/p>\n\n\n\n<span class=\"gb-shape pros-grid__blurb-checkmark\"><svg xmlns=\"http:\/\/www.w3.org\/2000\/svg\" width=\"32\" height=\"32\" viewbox=\"0 0 24 24\"><g fill=\"none\" stroke=\"currentColor\" stroke-linecap=\"round\" stroke-linejoin=\"round\" stroke-width=\"1.5\" color=\"currentColor\"><path d=\"M17 3.338A9.95 9.95 0 0 0 12 2C6.477 2 2 6.477 2 12s4.477 10 10 10s10-4.477 10-10q-.002-1.03-.2-2\"><\/path><path d=\"M8 12.5s1.5 0 3.5 3.5c0 0 5.559-9.167 10.5-11\"><\/path><\/g><\/svg><\/span>\n<\/div>\n\n\n\n<div class=\"benefits-grid__blurb gb-element-295778c1\">\n<p class=\"gb-text text-medium gb-text-dee845ca\"><strong>Erreichen Sie einen breiteren Kundenstamm.<\/strong><\/p>\n\n\n\n<span class=\"gb-shape pros-grid__blurb-checkmark\"><svg xmlns=\"http:\/\/www.w3.org\/2000\/svg\" width=\"32\" height=\"32\" viewbox=\"0 0 24 24\"><g fill=\"none\" stroke=\"currentColor\" stroke-linecap=\"round\" stroke-linejoin=\"round\" stroke-width=\"1.5\" color=\"currentColor\"><path d=\"M17 3.338A9.95 9.95 0 0 0 12 2C6.477 2 2 6.477 2 12s4.477 10 10 10s10-4.477 10-10q-.002-1.03-.2-2\"><\/path><path d=\"M8 12.5s1.5 0 3.5 3.5c0 0 5.559-9.167 10.5-11\"><\/path><\/g><\/svg><\/span>\n<\/div>\n\n\n\n<div class=\"benefits-grid__blurb gb-element-4ef03a7a\">\n<p class=\"gb-text text-medium gb-text-8e405434\"><strong><strong>Generieren Sie neue und wiederkehrende Einnahmen.<\/strong><\/strong><\/p>\n\n\n\n<span class=\"gb-shape pros-grid__blurb-checkmark\"><svg xmlns=\"http:\/\/www.w3.org\/2000\/svg\" width=\"32\" height=\"32\" viewbox=\"0 0 24 24\"><g fill=\"none\" stroke=\"currentColor\" stroke-linecap=\"round\" stroke-linejoin=\"round\" stroke-width=\"1.5\" color=\"currentColor\"><path d=\"M17 3.338A9.95 9.95 0 0 0 12 2C6.477 2 2 6.477 2 12s4.477 10 10 10s10-4.477 10-10q-.002-1.03-.2-2\"><\/path><path d=\"M8 12.5s1.5 0 3.5 3.5c0 0 5.559-9.167 10.5-11\"><\/path><\/g><\/svg><\/span>\n<\/div>\n<\/div>\n<\/div>\n\n\n\n<img loading=\"lazy\" decoding=\"async\" width=\"800\" height=\"800\" class=\"gb-media-6a16865a\" alt=\"Types of Partnerships\" src=\"https:\/\/vizibit.eu\/wp-content\/uploads\/2025\/06\/Types-of-Partnerships-1.png\" title=\"Types of Partnerships (1)\" srcset=\"https:\/\/vizibit.eu\/wp-content\/uploads\/2025\/06\/Types-of-Partnerships-1.png 800w, https:\/\/vizibit.eu\/wp-content\/uploads\/2025\/06\/Types-of-Partnerships-1-300x300.png 300w, https:\/\/vizibit.eu\/wp-content\/uploads\/2025\/06\/Types-of-Partnerships-1-150x150.png 150w, https:\/\/vizibit.eu\/wp-content\/uploads\/2025\/06\/Types-of-Partnerships-1-768x768.png 768w\" sizes=\"auto, (max-width: 800px) 100vw, 800px\" \/>\n<\/div>\n<\/div>\n<\/div>\n\n<div class=\"section-bg gb-element-c68df56e\">\n<div class=\"gb-element-d7b40cdf\">\n<div class=\"gb-element-b7aab9c6\">\n<h2 class=\"gb-text gb-text-3d3cbe09\"><span class=\"ez-toc-section\" id=\"Waehlen_Sie_Ihren_Partnerschaftspfad\"><\/span>W\u00e4hlen Sie Ihren Partnerschaftspfad<span class=\"ez-toc-section-end\"><\/span><\/h2>\n<\/div>\n\n\n\n<div class=\"path-grid gb-element-1018911e\">\n<div class=\"path-grid__blurb\">\n<div class=\"gb-element-c876fbda\">\n<span class=\"gb-shape path-grid__icon\"><svg xmlns=\"http:\/\/www.w3.org\/2000\/svg\" viewbox=\"0 0 24 24\" height=\"32\" width=\"32\"><path color=\"currentColor\" d=\"M12.5 22H6.59c-1.545 0-2.774-.752-3.877-1.803c-2.26-2.153 1.45-3.873 2.865-4.715A10.65 10.65 0 0 1 15 14.78m1.5-8.28a4.5 4.5 0 1 1-9 0a4.5 4.5 0 0 1 9 0m2 15.5v-7M15 18.5h7\" stroke-width=\"1.5\" stroke-linejoin=\"round\" stroke-linecap=\"round\" stroke=\"currentColor\" fill=\"none\"><\/path><\/svg><\/span>\n<\/div>\n\n\n\n<h3 class=\"gb-text path-grid__title\">Verweisen<\/h3>\n\n\n\n<div class=\"path-grid__divider\"><\/div>\n\n\n\n<p class=\"gb-text path-grid__text\">Verdienen Sie Provisionen durch die Vermittlung neuer Kunden.<\/p>\n<\/div>\n\n\n\n<div class=\"path-grid__blurb\">\n<div class=\"gb-element-3463c250\">\n<span class=\"gb-shape path-grid__icon\"><svg xmlns=\"http:\/\/www.w3.org\/2000\/svg\" viewbox=\"0 0 24 24\" height=\"32\" width=\"32\"><g color=\"currentColor\" stroke-width=\"1.5\" stroke-linejoin=\"round\" stroke-linecap=\"round\" stroke=\"currentColor\" fill=\"none\"><path d=\"M14 18a8 8 0 1 0 0-16a8 8 0 0 0 0 16M3.157 11A7.111 7.111 0 0 0 13 20.843\"><\/path><path d=\"M17 12.492c-.478.904-1.349 1.508-2.343 1.508c-1.51 0-2.734-1.393-2.734-3.111V9.11c0-1.717 1.224-3.11 2.734-3.11c.994 0 1.865.604 2.343 1.508M11 10h3.923\"><\/path><\/g><\/svg><\/span>\n<\/div>\n\n\n\n<h3 class=\"gb-text path-grid__title h6\">Weiterverkaufen<\/h3>\n\n\n\n<div class=\"path-grid__divider\"><\/div>\n\n\n\n<p class=\"gb-text path-grid__text\">Verkaufen Sie unsere L\u00f6sungen direkt an Ihre Kunden.<\/p>\n<\/div>\n\n\n\n<div class=\"path-grid__blurb\">\n<div class=\"gb-element-2066cd95\">\n<span class=\"gb-shape path-grid__icon\"><svg xmlns=\"http:\/\/www.w3.org\/2000\/svg\" viewbox=\"0 0 24 24\" height=\"32\" width=\"32\"><path color=\"currentColor\" d=\"M12.828 6.001a3 3 0 1 0-5.658 0c-2.285.008-3.504.09-4.292.878S2.008 8.886 2 11.17a3 3 0 1 1 0 5.66c.008 2.284.09 3.503.878 4.291s2.007.87 4.291.878a3 3 0 1 1 5.66 0c2.284-.008 3.503-.09 4.291-.878s.87-2.007.878-4.292a3 3 0 1 0 0-5.658c-.008-2.285-.09-3.504-.878-4.292c-.788-.789-2.007-.87-4.292-.878\" stroke-width=\"1.5\" stroke-linejoin=\"round\" stroke-linecap=\"round\" stroke=\"currentColor\" fill=\"none\"><\/path><\/svg><\/span>\n<\/div>\n\n\n\n<h3 class=\"gb-text path-grid__title h6\">Integrieren<\/h3>\n\n\n\n<div class=\"path-grid__divider\"><\/div>\n\n\n\n<p class=\"gb-text path-grid__text\">Integrieren Sie unsere Technologie in Ihre Plattform.<\/p>\n<\/div>\n\n\n\n<div class=\"path-grid__blurb\">\n<div class=\"gb-element-5caafe86\">\n<span class=\"gb-shape path-grid__icon\"><svg xmlns=\"http:\/\/www.w3.org\/2000\/svg\" viewbox=\"0 0 24 24\" height=\"32\" width=\"32\"><path color=\"currentColor\" d=\"M19.417 15.713c3.951-5.01 2.884-9.978.046-11.719c-2.682-1.645-5.023-.982-6.429.074L12 4.842m7.417 10.871c-.948 1.203-2.185 2.407-3.757 3.57C14.115 20.428 13.342 21 12 21s-2.114-.572-3.66-1.717C.222 13.275 1.018 6.153 4.537 3.994c2.682-1.645 5.023-.982 6.429.074L12 4.842m7.417 10.871l-5.525-6.268a.7.7 0 0 0-.895-.13l-2.186 1.366a1.965 1.965 0 0 1-2.233-3.23L12 4.841\" stroke-width=\"1.5\" stroke-linejoin=\"round\" stroke-linecap=\"round\" stroke=\"currentColor\" fill=\"none\"><\/path><\/svg><\/span>\n<\/div>\n\n\n\n<h3 class=\"gb-text path-grid__title\">Service<\/h3>\n\n\n\n<div class=\"path-grid__divider\"><\/div>\n\n\n\n<p class=\"gb-text path-grid__text\">Bieten Sie Implementierung und Support mit Mehrwert.<\/p>\n<\/div>\n\n\n\n<div class=\"path-grid__blurb\">\n<div class=\"gb-element-aca943dd\">\n<span class=\"gb-shape path-grid__icon\"><svg xmlns=\"http:\/\/www.w3.org\/2000\/svg\" viewbox=\"0 0 24 24\" height=\"32\" width=\"32\"><g color=\"currentColor\" stroke-width=\"1.5\" stroke-linejoin=\"round\" stroke-linecap=\"round\" stroke=\"currentColor\" fill=\"none\"><path d=\"M9 4.5c-3.496 1.201-6 4.442-6 8.251c0 1.207.251 2.357.706 3.402M15 4.5c3.496 1.201 6 4.442 6 8.251c0 1.023-.18 2.004-.512 2.916M16.5 20.33A9.16 9.16 0 0 1 12 21.5a9.16 9.16 0 0 1-4.5-1.17M15 5a3 3 0 1 1-6 0a3 3 0 0 1 6 0\"><\/path><circle r=\"3\" cy=\"19\" cx=\"5\"><\/circle><circle r=\"3\" cy=\"19\" cx=\"19\"><\/circle><\/g><\/svg><\/span>\n<\/div>\n\n\n\n<h3 class=\"gb-text path-grid__title\">Verteilen<\/h3>\n\n\n\n<div class=\"path-grid__divider\"><\/div>\n\n\n\n<p class=\"gb-text path-grid__text\">Verwalten Sie ein Netzwerk von Wiederverk\u00e4ufern.<\/p>\n<\/div>\n\n\n\n<div class=\"path-grid__blurb\">\n<div class=\"gb-element-3de32aea\">\n<span class=\"gb-shape path-grid__icon\"><svg xmlns=\"http:\/\/www.w3.org\/2000\/svg\" viewbox=\"0 0 24 24\" height=\"32\" width=\"32\"><path color=\"currentColor\" d=\"M16.99 22H7.01c-1.266 0-1.16-1.758-.664-2.504c.849-1.275 2.486-2.869 2.727-4.433L10.003 9h3.993l.931 6.063c.24 1.564 1.878 3.158 2.727 4.433c.496.747.602 2.504-.663 2.504M7.5 5.151V2.207c0-.175.198-.27.328-.159l2.394 2.062a.98.98 0 0 0 .64.24h2.276a.98.98 0 0 0 .64-.24l2.394-2.062c.13-.112.328-.016.328.16V5.15c0 .484-.164.952-.464 1.324L14.3 8.628a.99.99 0 0 1-.768.372h-3.064a.99.99 0 0 1-.768-.372L7.964 6.475A2.1 2.1 0 0 1 7.5 5.15M6 18h12\" stroke-width=\"1.5\" stroke-linejoin=\"round\" stroke-linecap=\"round\" stroke=\"currentColor\" fill=\"none\"><\/path><\/svg><\/span>\n<\/div>\n\n\n\n<h3 class=\"gb-text path-grid__title\">Strategie entwickeln<\/h3>\n\n\n\n<div class=\"path-grid__divider\"><\/div>\n\n\n\n<p class=\"gb-text path-grid__text\">Arbeiten Sie an gemeinsamen Marktinitiativen zusammen.<\/p>\n<\/div>\n<\/div>\n\n\n\n<div class=\"section gb-element-ef366753\">\n<a class=\"gb-text button-cyan\" href=\"https:\/\/vizibit.eu\/de\/antrag-auf-ein-partnerformular\/\" target=\"_blank\" rel=\"noopener noreferrer nofollow\">Als Partner anmelden<\/a>\n<\/div>\n<\/div>\n<\/div>\n\n<div class=\"section gb-element-2c2bf2ee\"><\/div>\n\n<div class=\"square-divider gb-element-d9d1365a\"><\/div>\n","protected":false},"excerpt":{"rendered":"<p>Partner werden Arbeiten Sie mit Vizibit zusammen, um erfolgreich digitale Signaturen zu erstellen. Erschlie\u00dfen Sie neue Einnahmequellen und erweitern Sie Ihren Markt, indem Sie unsere nahtlosen und sicheren L\u00f6sungen f\u00fcr digitale Signaturen anbieten. Wir suchen motivierte Wiederverk\u00e4ufer, L\u00f6sungsanbieter, Technologie- und strategische Partner sowie verbundene Unternehmen, die sich unserem wachsenden Netzwerk anschlie\u00dfen m\u00f6chten. Schneller wachsen. Mehr &#8230; <a title=\"Partner werden\" class=\"read-more\" href=\"https:\/\/vizibit.ch\/de\/partner-werden\/\" aria-label=\"Mehr Informationen \u00fcber Partner werden\">Weiterlesen &#8230;<\/a><\/p>\n","protected":false},"author":2,"featured_media":0,"parent":0,"menu_order":0,"comment_status":"closed","ping_status":"closed","template":"","meta":{"_acf_changed":false,"footnotes":""},"class_list":["post-11342","page","type-page","status-publish"],"acf":[],"yoast_head":"<!-- This site is optimized with the Yoast SEO plugin v27.3 - https:\/\/yoast.com\/product\/yoast-seo-wordpress\/ -->\n<title>Become a Partner - Sell &amp; Integrate e-Signatures<\/title>\n<meta name=\"description\" content=\"Join our partner program to resell, refer or integrate digital signatures. Expand your portfolio, reach more customers and grow recurring revenue.\" \/>\n<meta name=\"robots\" content=\"index, follow, max-snippet:-1, max-image-preview:large, max-video-preview:-1\" \/>\n<link rel=\"canonical\" href=\"https:\/\/vizibit.ch\/de\/partner-werden\/\" \/>\n<meta property=\"og:locale\" content=\"de_DE\" \/>\n<meta property=\"og:type\" content=\"article\" \/>\n<meta property=\"og:title\" content=\"Become a Partner - Sell &amp; Integrate e-Signatures\" \/>\n<meta property=\"og:description\" content=\"Join our partner program to resell, refer or integrate digital signatures. Expand your portfolio, reach more customers and grow recurring revenue.\" \/>\n<meta property=\"og:url\" content=\"https:\/\/vizibit.ch\/de\/partner-werden\/\" \/>\n<meta property=\"og:site_name\" content=\"Vizibit\" \/>\n<meta property=\"article:modified_time\" content=\"2025-07-31T09:25:32+00:00\" \/>\n<meta property=\"og:image\" content=\"https:\/\/vizibit.eu\/wp-content\/uploads\/2025\/06\/Business-handshake.jpg\" \/>\n<meta name=\"twitter:card\" content=\"summary_large_image\" \/>\n<meta name=\"twitter:label1\" content=\"Gesch\u00e4tzte Lesezeit\" \/>\n\t<meta name=\"twitter:data1\" content=\"1\u00a0Minute\" \/>\n<script type=\"application\/ld+json\" class=\"yoast-schema-graph\">{\"@context\":\"https:\\\/\\\/schema.org\",\"@graph\":[{\"@type\":\"WebPage\",\"@id\":\"https:\\\/\\\/vizibit.ch\\\/de\\\/partner-werden\\\/\",\"url\":\"https:\\\/\\\/vizibit.ch\\\/de\\\/partner-werden\\\/\",\"name\":\"Become a Partner - Sell & Integrate e-Signatures\",\"isPartOf\":{\"@id\":\"https:\\\/\\\/vizibit.eu\\\/en\\\/#website\"},\"primaryImageOfPage\":{\"@id\":\"https:\\\/\\\/vizibit.ch\\\/de\\\/partner-werden\\\/#primaryimage\"},\"image\":{\"@id\":\"https:\\\/\\\/vizibit.ch\\\/de\\\/partner-werden\\\/#primaryimage\"},\"thumbnailUrl\":\"https:\\\/\\\/vizibit.eu\\\/wp-content\\\/uploads\\\/2025\\\/06\\\/Business-handshake.jpg\",\"datePublished\":\"2025-03-19T05:40:34+00:00\",\"dateModified\":\"2025-07-31T09:25:32+00:00\",\"description\":\"Join our partner program to resell, refer or integrate digital signatures. Expand your portfolio, reach more customers and grow recurring revenue.\",\"breadcrumb\":{\"@id\":\"https:\\\/\\\/vizibit.ch\\\/de\\\/partner-werden\\\/#breadcrumb\"},\"inLanguage\":\"de\",\"potentialAction\":[{\"@type\":\"ReadAction\",\"target\":[\"https:\\\/\\\/vizibit.ch\\\/de\\\/partner-werden\\\/\"]}]},{\"@type\":\"ImageObject\",\"inLanguage\":\"de\",\"@id\":\"https:\\\/\\\/vizibit.ch\\\/de\\\/partner-werden\\\/#primaryimage\",\"url\":\"https:\\\/\\\/vizibit.eu\\\/wp-content\\\/uploads\\\/2025\\\/06\\\/Business-handshake.jpg\",\"contentUrl\":\"https:\\\/\\\/vizibit.eu\\\/wp-content\\\/uploads\\\/2025\\\/06\\\/Business-handshake.jpg\"},{\"@type\":\"BreadcrumbList\",\"@id\":\"https:\\\/\\\/vizibit.ch\\\/de\\\/partner-werden\\\/#breadcrumb\",\"itemListElement\":[{\"@type\":\"ListItem\",\"position\":1,\"name\":\"Startseite\",\"item\":\"http:\\\/\\\/vizibit.eu\\\/de\\\/\"},{\"@type\":\"ListItem\",\"position\":2,\"name\":\"Partner werden\"}]},{\"@type\":\"WebSite\",\"@id\":\"https:\\\/\\\/vizibit.eu\\\/en\\\/#website\",\"url\":\"https:\\\/\\\/vizibit.eu\\\/en\\\/\",\"name\":\"Vizibit\",\"description\":\"\",\"publisher\":{\"@id\":\"https:\\\/\\\/vizibit.eu\\\/en\\\/#organization\"},\"potentialAction\":[{\"@type\":\"SearchAction\",\"target\":{\"@type\":\"EntryPoint\",\"urlTemplate\":\"https:\\\/\\\/vizibit.eu\\\/en\\\/?s={search_term_string}\"},\"query-input\":{\"@type\":\"PropertyValueSpecification\",\"valueRequired\":true,\"valueName\":\"search_term_string\"}}],\"inLanguage\":\"de\"},{\"@type\":\"Organization\",\"@id\":\"https:\\\/\\\/vizibit.eu\\\/en\\\/#organization\",\"name\":\"ViziBit\",\"alternateName\":\"ViziBit\",\"url\":\"https:\\\/\\\/vizibit.eu\\\/en\\\/\",\"logo\":{\"@type\":\"ImageObject\",\"inLanguage\":\"de\",\"@id\":\"https:\\\/\\\/vizibit.eu\\\/en\\\/#\\\/schema\\\/logo\\\/image\\\/\",\"url\":\"https:\\\/\\\/vizibit.eu\\\/wp-content\\\/uploads\\\/2025\\\/05\\\/cropped-Favicon.png\",\"contentUrl\":\"https:\\\/\\\/vizibit.eu\\\/wp-content\\\/uploads\\\/2025\\\/05\\\/cropped-Favicon.png\",\"width\":512,\"height\":512,\"caption\":\"ViziBit\"},\"image\":{\"@id\":\"https:\\\/\\\/vizibit.eu\\\/en\\\/#\\\/schema\\\/logo\\\/image\\\/\"},\"sameAs\":[\"https:\\\/\\\/hr.linkedin.com\\\/company\\\/vizibit\"]}]}<\/script>\n<!-- \/ Yoast SEO plugin. -->","yoast_head_json":{"title":"Become a Partner - Sell & Integrate e-Signatures","description":"Join our partner program to resell, refer or integrate digital signatures. Expand your portfolio, reach more customers and grow recurring revenue.","robots":{"index":"index","follow":"follow","max-snippet":"max-snippet:-1","max-image-preview":"max-image-preview:large","max-video-preview":"max-video-preview:-1"},"canonical":"https:\/\/vizibit.ch\/de\/partner-werden\/","og_locale":"de_DE","og_type":"article","og_title":"Become a Partner - Sell & Integrate e-Signatures","og_description":"Join our partner program to resell, refer or integrate digital signatures. Expand your portfolio, reach more customers and grow recurring revenue.","og_url":"https:\/\/vizibit.ch\/de\/partner-werden\/","og_site_name":"Vizibit","article_modified_time":"2025-07-31T09:25:32+00:00","og_image":[{"url":"https:\/\/vizibit.eu\/wp-content\/uploads\/2025\/06\/Business-handshake.jpg","type":"","width":"","height":""}],"twitter_card":"summary_large_image","twitter_misc":{"Gesch\u00e4tzte Lesezeit":"1\u00a0Minute"},"schema":{"@context":"https:\/\/schema.org","@graph":[{"@type":"WebPage","@id":"https:\/\/vizibit.ch\/de\/partner-werden\/","url":"https:\/\/vizibit.ch\/de\/partner-werden\/","name":"Become a Partner - Sell & Integrate e-Signatures","isPartOf":{"@id":"https:\/\/vizibit.eu\/en\/#website"},"primaryImageOfPage":{"@id":"https:\/\/vizibit.ch\/de\/partner-werden\/#primaryimage"},"image":{"@id":"https:\/\/vizibit.ch\/de\/partner-werden\/#primaryimage"},"thumbnailUrl":"https:\/\/vizibit.eu\/wp-content\/uploads\/2025\/06\/Business-handshake.jpg","datePublished":"2025-03-19T05:40:34+00:00","dateModified":"2025-07-31T09:25:32+00:00","description":"Join our partner program to resell, refer or integrate digital signatures. Expand your portfolio, reach more customers and grow recurring revenue.","breadcrumb":{"@id":"https:\/\/vizibit.ch\/de\/partner-werden\/#breadcrumb"},"inLanguage":"de","potentialAction":[{"@type":"ReadAction","target":["https:\/\/vizibit.ch\/de\/partner-werden\/"]}]},{"@type":"ImageObject","inLanguage":"de","@id":"https:\/\/vizibit.ch\/de\/partner-werden\/#primaryimage","url":"https:\/\/vizibit.eu\/wp-content\/uploads\/2025\/06\/Business-handshake.jpg","contentUrl":"https:\/\/vizibit.eu\/wp-content\/uploads\/2025\/06\/Business-handshake.jpg"},{"@type":"BreadcrumbList","@id":"https:\/\/vizibit.ch\/de\/partner-werden\/#breadcrumb","itemListElement":[{"@type":"ListItem","position":1,"name":"Startseite","item":"http:\/\/vizibit.eu\/de\/"},{"@type":"ListItem","position":2,"name":"Partner werden"}]},{"@type":"WebSite","@id":"https:\/\/vizibit.eu\/en\/#website","url":"https:\/\/vizibit.eu\/en\/","name":"Vizibit","description":"","publisher":{"@id":"https:\/\/vizibit.eu\/en\/#organization"},"potentialAction":[{"@type":"SearchAction","target":{"@type":"EntryPoint","urlTemplate":"https:\/\/vizibit.eu\/en\/?s={search_term_string}"},"query-input":{"@type":"PropertyValueSpecification","valueRequired":true,"valueName":"search_term_string"}}],"inLanguage":"de"},{"@type":"Organization","@id":"https:\/\/vizibit.eu\/en\/#organization","name":"ViziBit","alternateName":"ViziBit","url":"https:\/\/vizibit.eu\/en\/","logo":{"@type":"ImageObject","inLanguage":"de","@id":"https:\/\/vizibit.eu\/en\/#\/schema\/logo\/image\/","url":"https:\/\/vizibit.eu\/wp-content\/uploads\/2025\/05\/cropped-Favicon.png","contentUrl":"https:\/\/vizibit.eu\/wp-content\/uploads\/2025\/05\/cropped-Favicon.png","width":512,"height":512,"caption":"ViziBit"},"image":{"@id":"https:\/\/vizibit.eu\/en\/#\/schema\/logo\/image\/"},"sameAs":["https:\/\/hr.linkedin.com\/company\/vizibit"]}]}},"_links":{"self":[{"href":"https:\/\/vizibit.ch\/de\/wp-json\/wp\/v2\/pages\/11342","targetHints":{"allow":["GET"]}}],"collection":[{"href":"https:\/\/vizibit.ch\/de\/wp-json\/wp\/v2\/pages"}],"about":[{"href":"https:\/\/vizibit.ch\/de\/wp-json\/wp\/v2\/types\/page"}],"author":[{"embeddable":true,"href":"https:\/\/vizibit.ch\/de\/wp-json\/wp\/v2\/users\/2"}],"replies":[{"embeddable":true,"href":"https:\/\/vizibit.ch\/de\/wp-json\/wp\/v2\/comments?post=11342"}],"version-history":[{"count":0,"href":"https:\/\/vizibit.ch\/de\/wp-json\/wp\/v2\/pages\/11342\/revisions"}],"wp:attachment":[{"href":"https:\/\/vizibit.ch\/de\/wp-json\/wp\/v2\/media?parent=11342"}],"curies":[{"name":"wp","href":"https:\/\/api.w.org\/{rel}","templated":true}]}}