{"id":11365,"date":"2025-03-18T14:53:01","date_gmt":"2025-03-18T12:53:01","guid":{"rendered":"https:\/\/vizibit.eu\/fallstudien\/"},"modified":"2025-07-31T13:47:32","modified_gmt":"2025-07-31T11:47:32","slug":"fallstudien","status":"publish","type":"page","link":"https:\/\/vizibit.ch\/de\/fallstudien\/","title":{"rendered":"Fallstudien"},"content":{"rendered":"","protected":false},"excerpt":{"rendered":"","protected":false},"author":2,"featured_media":0,"parent":0,"menu_order":0,"comment_status":"closed","ping_status":"closed","template":"","meta":{"_acf_changed":false,"footnotes":""},"class_list":["post-11365","page","type-page","status-publish"],"acf":[],"yoast_head":"<!-- This site is optimized with the Yoast SEO plugin v27.3 - https:\/\/yoast.com\/product\/yoast-seo-wordpress\/ -->\n<title>Wie Unternehmen mit Vizibit-L\u00f6sungen erfolgreich sind<\/title>\n<meta name=\"description\" content=\"Erfahren Sie, wie Unternehmen Vizibit-L\u00f6sungen in bestehende Systeme integriert haben, um die Signatur zu optimieren und die Produktivit\u00e4t zu steigern.\" \/>\n<meta name=\"robots\" content=\"index, follow, max-snippet:-1, max-image-preview:large, max-video-preview:-1\" \/>\n<link rel=\"canonical\" href=\"https:\/\/vizibit.ch\/de\/fallstudien\/\" \/>\n<meta property=\"og:locale\" content=\"de_DE\" \/>\n<meta property=\"og:type\" content=\"article\" \/>\n<meta property=\"og:title\" content=\"Wie Unternehmen mit Vizibit-L\u00f6sungen erfolgreich sind\" \/>\n<meta property=\"og:description\" content=\"Erfahren Sie, wie Unternehmen Vizibit-L\u00f6sungen in bestehende Systeme integriert haben, um die Signatur zu optimieren und die Produktivit\u00e4t zu steigern.\" \/>\n<meta property=\"og:url\" content=\"https:\/\/vizibit.ch\/de\/fallstudien\/\" \/>\n<meta property=\"og:site_name\" content=\"Vizibit\" \/>\n<meta property=\"article:modified_time\" content=\"2025-07-31T11:47:32+00:00\" \/>\n<meta name=\"twitter:card\" content=\"summary_large_image\" \/>\n<script type=\"application\/ld+json\" class=\"yoast-schema-graph\">{\"@context\":\"https:\\\/\\\/schema.org\",\"@graph\":[{\"@type\":\"WebPage\",\"@id\":\"https:\\\/\\\/vizibit.ch\\\/de\\\/fallstudien\\\/\",\"url\":\"https:\\\/\\\/vizibit.ch\\\/de\\\/fallstudien\\\/\",\"name\":\"Wie Unternehmen mit Vizibit-L\u00f6sungen erfolgreich sind\",\"isPartOf\":{\"@id\":\"https:\\\/\\\/vizibit.eu\\\/en\\\/#website\"},\"datePublished\":\"2025-03-18T12:53:01+00:00\",\"dateModified\":\"2025-07-31T11:47:32+00:00\",\"description\":\"Erfahren Sie, wie Unternehmen Vizibit-L\u00f6sungen in bestehende Systeme integriert haben, um die Signatur zu optimieren und die Produktivit\u00e4t zu steigern.\",\"breadcrumb\":{\"@id\":\"https:\\\/\\\/vizibit.ch\\\/de\\\/fallstudien\\\/#breadcrumb\"},\"inLanguage\":\"de\",\"potentialAction\":[{\"@type\":\"ReadAction\",\"target\":[\"https:\\\/\\\/vizibit.ch\\\/de\\\/fallstudien\\\/\"]}]},{\"@type\":\"BreadcrumbList\",\"@id\":\"https:\\\/\\\/vizibit.ch\\\/de\\\/fallstudien\\\/#breadcrumb\",\"itemListElement\":[{\"@type\":\"ListItem\",\"position\":1,\"name\":\"Startseite\",\"item\":\"http:\\\/\\\/vizibit.eu\\\/de\\\/\"},{\"@type\":\"ListItem\",\"position\":2,\"name\":\"Fallstudien\"}]},{\"@type\":\"WebSite\",\"@id\":\"https:\\\/\\\/vizibit.eu\\\/en\\\/#website\",\"url\":\"https:\\\/\\\/vizibit.eu\\\/en\\\/\",\"name\":\"Vizibit\",\"description\":\"\",\"publisher\":{\"@id\":\"https:\\\/\\\/vizibit.eu\\\/en\\\/#organization\"},\"potentialAction\":[{\"@type\":\"SearchAction\",\"target\":{\"@type\":\"EntryPoint\",\"urlTemplate\":\"https:\\\/\\\/vizibit.eu\\\/en\\\/?s={search_term_string}\"},\"query-input\":{\"@type\":\"PropertyValueSpecification\",\"valueRequired\":true,\"valueName\":\"search_term_string\"}}],\"inLanguage\":\"de\"},{\"@type\":\"Organization\",\"@id\":\"https:\\\/\\\/vizibit.eu\\\/en\\\/#organization\",\"name\":\"ViziBit\",\"alternateName\":\"ViziBit\",\"url\":\"https:\\\/\\\/vizibit.eu\\\/en\\\/\",\"logo\":{\"@type\":\"ImageObject\",\"inLanguage\":\"de\",\"@id\":\"https:\\\/\\\/vizibit.eu\\\/en\\\/#\\\/schema\\\/logo\\\/image\\\/\",\"url\":\"https:\\\/\\\/vizibit.eu\\\/wp-content\\\/uploads\\\/2025\\\/05\\\/cropped-Favicon.png\",\"contentUrl\":\"https:\\\/\\\/vizibit.eu\\\/wp-content\\\/uploads\\\/2025\\\/05\\\/cropped-Favicon.png\",\"width\":512,\"height\":512,\"caption\":\"ViziBit\"},\"image\":{\"@id\":\"https:\\\/\\\/vizibit.eu\\\/en\\\/#\\\/schema\\\/logo\\\/image\\\/\"},\"sameAs\":[\"https:\\\/\\\/hr.linkedin.com\\\/company\\\/vizibit\"]}]}<\/script>\n<!-- \/ Yoast SEO plugin. -->","yoast_head_json":{"title":"Wie Unternehmen mit Vizibit-L\u00f6sungen erfolgreich sind","description":"Erfahren Sie, wie Unternehmen Vizibit-L\u00f6sungen in bestehende Systeme integriert haben, um die Signatur zu optimieren und die Produktivit\u00e4t zu steigern.","robots":{"index":"index","follow":"follow","max-snippet":"max-snippet:-1","max-image-preview":"max-image-preview:large","max-video-preview":"max-video-preview:-1"},"canonical":"https:\/\/vizibit.ch\/de\/fallstudien\/","og_locale":"de_DE","og_type":"article","og_title":"Wie Unternehmen mit Vizibit-L\u00f6sungen erfolgreich sind","og_description":"Erfahren Sie, wie Unternehmen Vizibit-L\u00f6sungen in bestehende Systeme integriert haben, um die Signatur zu optimieren und die Produktivit\u00e4t zu steigern.","og_url":"https:\/\/vizibit.ch\/de\/fallstudien\/","og_site_name":"Vizibit","article_modified_time":"2025-07-31T11:47:32+00:00","twitter_card":"summary_large_image","schema":{"@context":"https:\/\/schema.org","@graph":[{"@type":"WebPage","@id":"https:\/\/vizibit.ch\/de\/fallstudien\/","url":"https:\/\/vizibit.ch\/de\/fallstudien\/","name":"Wie Unternehmen mit Vizibit-L\u00f6sungen erfolgreich sind","isPartOf":{"@id":"https:\/\/vizibit.eu\/en\/#website"},"datePublished":"2025-03-18T12:53:01+00:00","dateModified":"2025-07-31T11:47:32+00:00","description":"Erfahren Sie, wie Unternehmen Vizibit-L\u00f6sungen in bestehende Systeme integriert haben, um die Signatur zu optimieren und die Produktivit\u00e4t zu steigern.","breadcrumb":{"@id":"https:\/\/vizibit.ch\/de\/fallstudien\/#breadcrumb"},"inLanguage":"de","potentialAction":[{"@type":"ReadAction","target":["https:\/\/vizibit.ch\/de\/fallstudien\/"]}]},{"@type":"BreadcrumbList","@id":"https:\/\/vizibit.ch\/de\/fallstudien\/#breadcrumb","itemListElement":[{"@type":"ListItem","position":1,"name":"Startseite","item":"http:\/\/vizibit.eu\/de\/"},{"@type":"ListItem","position":2,"name":"Fallstudien"}]},{"@type":"WebSite","@id":"https:\/\/vizibit.eu\/en\/#website","url":"https:\/\/vizibit.eu\/en\/","name":"Vizibit","description":"","publisher":{"@id":"https:\/\/vizibit.eu\/en\/#organization"},"potentialAction":[{"@type":"SearchAction","target":{"@type":"EntryPoint","urlTemplate":"https:\/\/vizibit.eu\/en\/?s={search_term_string}"},"query-input":{"@type":"PropertyValueSpecification","valueRequired":true,"valueName":"search_term_string"}}],"inLanguage":"de"},{"@type":"Organization","@id":"https:\/\/vizibit.eu\/en\/#organization","name":"ViziBit","alternateName":"ViziBit","url":"https:\/\/vizibit.eu\/en\/","logo":{"@type":"ImageObject","inLanguage":"de","@id":"https:\/\/vizibit.eu\/en\/#\/schema\/logo\/image\/","url":"https:\/\/vizibit.eu\/wp-content\/uploads\/2025\/05\/cropped-Favicon.png","contentUrl":"https:\/\/vizibit.eu\/wp-content\/uploads\/2025\/05\/cropped-Favicon.png","width":512,"height":512,"caption":"ViziBit"},"image":{"@id":"https:\/\/vizibit.eu\/en\/#\/schema\/logo\/image\/"},"sameAs":["https:\/\/hr.linkedin.com\/company\/vizibit"]}]}},"_links":{"self":[{"href":"https:\/\/vizibit.ch\/de\/wp-json\/wp\/v2\/pages\/11365","targetHints":{"allow":["GET"]}}],"collection":[{"href":"https:\/\/vizibit.ch\/de\/wp-json\/wp\/v2\/pages"}],"about":[{"href":"https:\/\/vizibit.ch\/de\/wp-json\/wp\/v2\/types\/page"}],"author":[{"embeddable":true,"href":"https:\/\/vizibit.ch\/de\/wp-json\/wp\/v2\/users\/2"}],"replies":[{"embeddable":true,"href":"https:\/\/vizibit.ch\/de\/wp-json\/wp\/v2\/comments?post=11365"}],"version-history":[{"count":0,"href":"https:\/\/vizibit.ch\/de\/wp-json\/wp\/v2\/pages\/11365\/revisions"}],"wp:attachment":[{"href":"https:\/\/vizibit.ch\/de\/wp-json\/wp\/v2\/media?parent=11365"}],"curies":[{"name":"wp","href":"https:\/\/api.w.org\/{rel}","templated":true}]}}